{"id":4793,"date":"2022-02-24T14:11:37","date_gmt":"2022-02-24T14:11:37","guid":{"rendered":"https:\/\/elearning.retain-me.eu\/home\/"},"modified":"2024-06-25T08:52:14","modified_gmt":"2024-06-25T08:52:14","slug":"home","status":"publish","type":"page","link":"https:\/\/elearning.retain-me.eu\/sv\/","title":{"rendered":"Home"},"content":{"rendered":"<h1>L\u00f6sningar f\u00f6r distansarbete f\u00f6r att st\u00f6dja kvarh\u00e5llandet av \u00e4ldre arbetstagare som \u00e4r s\u00e5rbara f\u00f6r Covid-19. <\/h1>\n<ul>\n<li>\n<h3>Logga in<\/h3>\n<div>\n<!-- This form was created and powered by ProfilePress WordPress plugin - https:\/\/profilepress.com -->\r\n\r\n <style type=\"text\/css\">\r\n@import url('https:\/\/fonts.googleapis.com\/css?family=Open+Sans:300,400,600,700&display=swap');#pp-login-6-wrap .profilepress-login-status {border-radius:5px;font-size:16px;line-height:1.471;padding:10px;background-color:#e74c3c;color:#ffffff;font-weight:normal;text-align:center;vertical-align:middle;margin:10px 0;-webkit-box-sizing:border-box;-moz-box-sizing:border-box;box-sizing:border-box;max-width:100%;}#pp-login-6-wrap .profilepress-login-status.success {background-color:#2ecc71;color:#ffffff;}#pp-login-6-wrap .profilepress-login-status a {color:#fff;text-decoration:underline;}#pp-login-6-wrap.pp-form-container {max-width:400px !important;width:100%;margin:0 auto;}.pp-form-container #pp-login-6.ppBuildScratch {background:#ffffff;color:#4d4e4e;font-size:14px;}.pp-form-container #pp-login-6.ppBuildScratch .pp-form-field-wrap .pp-form-field-input-textarea-wrap {position:relative;}.pp-form-container #pp-login-6.ppBuildScratch,.pp-form-container #pp-login-6.ppBuildScratch * {font-family:'Open Sans',-apple-system,BlinkMacSystemFont,\"Segoe UI\",Roboto,Oxygen-Sans,Ubuntu,Cantarell,\"Helvetica Neue\",sans-serif;}.pp-form-container #pp-login-6.ppBuildScratch .pp-form-field-wrap input,.pp-form-container #pp-login-6.ppBuildScratch .pp-form-field-wrap select,.pp-form-container #pp-login-6.ppBuildScratch .pp-form-field-wrap textarea {font-size:14px;border-color:#f1f0f0;background:#f1f0f0;color :#4d4e4e; }.pp-form-container #pp-login-6.ppBuildScratch .pp-form-field-wrap .pp-form-material-icons {color:#ffffff;}.pp-form-container #pp-login-6.ppBuildScratch .pp-checkbox-wrap label,.pp-form-container #pp-login-6.ppBuildScratch .pp-radio-wrap label {font-size:14px;color :#4d4e4e;vertical-align:middle;}.pp-form-container #pp-login-6.ppBuildScratch .pp-form-field-wrap input[type=text]:focus,.pp-form-container #pp-login-6.ppBuildScratch .pp-form-field-wrap input[type=password]:focus,.pp-form-container #pp-login-6.ppBuildScratch .pp-form-field-wrap select:focus,.pp-form-container #pp-login-6.ppBuildScratch .pp-form-field-wrap textarea:focus {outline:0;background:#c4c4c4;border-color:#c4c4c4;box-shadow:0 0 0 1px #c4c4c4;}.pp-form-container #pp-login-6.ppBuildScratch .pp-form-field-wrap ::placeholder{color:#4d4e4e;}.pp-form-container #pp-login-6.ppBuildScratch .pp-form-field-wrap ::-webkit-input-placeholder{color:#4d4e4e;}.pp-form-container #pp-login-6.ppBuildScratch .pp-form-field-wrap ::-moz-placeholder{color:#4d4e4e;}.pp-form-container #pp-login-6.ppBuildScratch .pp-form-field-wrap :-moz-placeholder{color:#4d4e4e;}.pp-form-container #pp-login-6.ppBuildScratch .pp-form-field-wrap :-ms-input-placeholder{color:#4d4e4e;}.pp-form-container #pp-login-6.ppBuildScratch .ppbs-headline,.pp-form-container #pp-login-6.ppBuildScratch h1,.pp-form-container #pp-login-6.ppBuildScratch h2,.pp-form-container #pp-login-6.ppBuildScratch h3,.pp-form-container #pp-login-6.ppBuildScratch {color:#4d4e4e;}.pp-form-container #pp-login-6.ppBuildScratch .pp-form-field-wrap .pp-form-label-wrap .pp-form-label {color:#4d4e4e;font-size:14px;font-weight:bold;}.pp-form-container #pp-login-6.ppBuildScratch .pp-form-field-description {color:#4d4e4e;text-align:left;}.pp-form-container #pp-login-6.ppBuildScratch .pp-form-submit-button-wrap input[type=\"submit\"] {font-size:16px;font-weight:normal;background:#62277d;color:#ffffff;top:auto;}.pp-form-container #pp-login-6.ppBuildScratch .pp-form-submit-button-wrap input[type=\"submit\"]:hover,.pp-form-container #pp-login-6.ppBuildScratch .pp-form-submit-button-wrap input[type=\"submit\"]:focus {background:#ffffff;color:#62277d;}.pp-form-container div#pp-login-6.ppBuildScratch a.pp-button-social-login {margin-right:6.387%;}.pp-form-container div#pp-login-6.ppBuildScratch a.pp-button-social-login {display:block;height:3em;line-height:3em;text-decoration:none;margin-bottom:10px;}.pp-form-container div#pp-login-6.ppBuildScratch a.pp-button-social-login .ppsc {width:3em;height:3em;}.pp-form-container div#pp-login-6.ppBuildScratch a.pp-button-social-login span.ppsc-text {margin-left:50px;}.pp-form-container div#pp-registration-12.ppBuildScratch a.pp-button-social-login:last-of-type {margin-bottom:20px;}.pp-form-container .ppress-form-bottom-links {padding-top:15px;padding-bottom:15px;text-align:center;}.pp-form-container .ppress-form-bottom-links a {line-height:22px;font-size:14px;color:#4d4e4e !important;display:inline-block;text-decoration:none!important;font-weight:400;text-align:center;border-bottom:none!important;}.pp-form-container .ppress-form-bottom-links a:hover {text-decoration:underline!important;}html body .pp-form-container .pp-2fa,\n                html body .pp-form-container .pp-form-wrapper .pp-form-field-wrap.pp-2fa {\n                    display:none;\n                }\r\n<\/style>\r\n<div id=\"pp-login-6-wrap\" class=\"pp-form-container pp-login-form-wrap\"><form data-pp-form-submit=\"login\" id='pp_login_6' method=\"post\"><div id=\"pp-login-6\" class=\"pp-form-wrapper pp-login pp-login-6 ppBuildScratch ppfl-pill ppsbl-square ppsbw-full-width ppf-remove-frame ppfs-medium ppfia-right\">\n<div class=\"ppbs-headline\">Doe<\/div>\n\n<div class=\"pp-form-field-wrap login-username fw-full field-has-icon fda-standard fld-above\"><div class=\"pp-form-field-input-textarea-wrap\"><input name=\"login_username\" type=\"text\" value=\"\" title=\"Username\" class=\"pp-form-field login-username\" placeholder=\"Anv\u00e4ndarnamn eller e-mail\" id=\"1helauaoii80\"  required=\"required\"><i class=\"pp-form-material-icons\">face<\/i><\/div><\/div><div class=\"pp-form-field-wrap login-password fw-full has-password-visibility-icon fda-standard fld-above\"><div class=\"pp-form-field-input-textarea-wrap\"><input name='login_password' type='password' title=\"Password\" value=\"\" class=\"pp-form-field login-password\" placeholder=\"L\u00f6senord\" id=\"6afbbvfn0560\"  required=\"required\"><i class=\"pp-form-material-icons\">visibility<\/i><\/div><\/div><div class=\"pp-form-field-wrap login-remember fw-full fda-standard fld-above\"><div class=\"pp-form-field-input-textarea-wrap\"><div class=\"ppform-remember-me\"><label class=\"ppform-remember-checkbox\"><input name='login_remember' value='false' type='hidden'><input name='login_remember' value='true' type='checkbox' title=\"\" class=\"pp-form-field login-remember\" id=\"6mfii01ibv30\" > <span class=\"ppform-remember-label\">Kom ih\u00e5g mig<\/span><\/label><\/div><\/div><\/div>\n<div class=\"pp-form-submit-button-wrap\">\n<input data-pp-submit-label=\"Logga in\" data-pp-processing-label=\"Bearbetning\" type=\"submit\" value=\"Logga in\" name=\"login_submit\" title=\"\" class=\"pp-submit-form ppform-submit-button\" id=\"\" >\n<\/div>\n<\/div>\n<input type='hidden' name='login_form_id' value='6'><input type=\"hidden\" name=\"pp_current_url\" value=\"https:\/\/elearning.retain-me.eu\/sv\/wp-json\/wp\/v2\/pages\/4793\"><input type=\"hidden\" name=\"login_referrer_page\" value=\"\"><\/form><\/div>\r\n<!-- \/ ProfilePress WordPress plugin. -->\r\n\n<\/div>\n<\/li>\n<li>\n<h3>Registrera<\/h3>\n<div>\n<!-- This form was created and powered by ProfilePress WordPress plugin - https:\/\/profilepress.com -->\r\n<style type=\"text\/css\">\r\n @import url('https:\/\/fonts.googleapis.com\/css?family=Open+Sans:300,400,600,700&display=swap');#pp-registration-6-wrap .profilepress-reg-status {border-radius:5px;font-size:16px;line-height:1.471;padding:10px;background-color:#e74c3c;color:#ffffff;font-weight:normal;text-align:center;vertical-align:middle;margin:10px 0;-webkit-box-sizing:border-box;-moz-box-sizing:border-box;box-sizing:border-box;max-width:100%;}#pp-registration-6-wrap .profilepress-reg-status.success {background-color:#2ecc71;color:#ffffff;}#pp-registration-6-wrap .profilepress-reg-status a {color:#fff;text-decoration:underline;}#pp-registration-6-wrap.pp-form-container {max-width:400px !important;width:100%;margin:0 auto;}.pp-form-container #pp-registration-6.ppBuildScratch {background:#ffffff;color:#4d4e4e;font-size:14px;}.pp-form-container #pp-registration-6.ppBuildScratch .pp-form-field-wrap .pp-form-field-input-textarea-wrap {position:relative;}.pp-form-container #pp-registration-6.ppBuildScratch,.pp-form-container #pp-registration-6.ppBuildScratch * {font-family:'Open Sans',-apple-system,BlinkMacSystemFont,\"Segoe UI\",Roboto,Oxygen-Sans,Ubuntu,Cantarell,\"Helvetica Neue\",sans-serif;}.pp-form-container #pp-registration-6.ppBuildScratch .pp-form-field-wrap input,.pp-form-container #pp-registration-6.ppBuildScratch .pp-form-field-wrap select,.pp-form-container #pp-registration-6.ppBuildScratch .pp-form-field-wrap textarea {font-size:14px;border-color:#f1f0f0;background:#f1f0f0;color :#4d4e4e; }.pp-form-container #pp-registration-6.ppBuildScratch .pp-form-field-wrap .pp-form-material-icons {color:#ffffff;}.pp-form-container #pp-registration-6.ppBuildScratch .pp-checkbox-wrap label,.pp-form-container #pp-registration-6.ppBuildScratch .pp-radio-wrap label {font-size:14px;color :#4d4e4e;vertical-align:middle;}.pp-form-container #pp-registration-6.ppBuildScratch .pp-form-field-wrap input[type=text]:focus,.pp-form-container #pp-registration-6.ppBuildScratch .pp-form-field-wrap input[type=password]:focus,.pp-form-container #pp-registration-6.ppBuildScratch .pp-form-field-wrap select:focus,.pp-form-container #pp-registration-6.ppBuildScratch .pp-form-field-wrap textarea:focus {outline:0;background:#c4c4c4;border-color:#c4c4c4;box-shadow:0 0 0 1px #c4c4c4;}.pp-form-container #pp-registration-6.ppBuildScratch .pp-form-field-wrap ::placeholder{color:#4d4e4e;}.pp-form-container #pp-registration-6.ppBuildScratch .pp-form-field-wrap ::-webkit-input-placeholder{color:#4d4e4e;}.pp-form-container #pp-registration-6.ppBuildScratch .pp-form-field-wrap ::-moz-placeholder{color:#4d4e4e;}.pp-form-container #pp-registration-6.ppBuildScratch .pp-form-field-wrap :-moz-placeholder{color:#4d4e4e;}.pp-form-container #pp-registration-6.ppBuildScratch .pp-form-field-wrap :-ms-input-placeholder{color:#4d4e4e;}.pp-form-container #pp-registration-6.ppBuildScratch .ppbs-headline,.pp-form-container #pp-registration-6.ppBuildScratch h1,.pp-form-container #pp-registration-6.ppBuildScratch h2,.pp-form-container #pp-registration-6.ppBuildScratch h3,.pp-form-container #pp-registration-6.ppBuildScratch {color:#4d4e4e;}.pp-form-container #pp-registration-6.ppBuildScratch .pp-form-field-wrap .pp-form-label-wrap .pp-form-label {color:#4d4e4e;font-size:14px;font-weight:bold;}.pp-form-container #pp-registration-6.ppBuildScratch .pp-form-field-description {color:#4d4e4e;text-align:left;}.pp-form-container #pp-registration-6.ppBuildScratch .pp-form-submit-button-wrap input[type=\"submit\"] {font-size:16px;font-weight:normal;background:#62277d;color:#ffffff;top:auto;}.pp-form-container #pp-registration-6.ppBuildScratch .pp-form-submit-button-wrap input[type=\"submit\"]:hover,.pp-form-container #pp-registration-6.ppBuildScratch .pp-form-submit-button-wrap input[type=\"submit\"]:focus {background:#ffffff;color:#62277d;}.pp-form-container div#pp-registration-6.ppBuildScratch a.pp-button-social-login {margin-right:6.387%;}.pp-form-container div#pp-registration-6.ppBuildScratch a.pp-button-social-login {display:block;height:3em;line-height:3em;text-decoration:none;margin-bottom:10px;}.pp-form-container div#pp-registration-6.ppBuildScratch a.pp-button-social-login .ppsc {width:3em;height:3em;}.pp-form-container div#pp-registration-6.ppBuildScratch a.pp-button-social-login span.ppsc-text {margin-left:50px;}.pp-form-container div#pp-registration-12.ppBuildScratch a.pp-button-social-login:last-of-type {margin-bottom:20px;}.pp-form-container .ppress-form-bottom-links {padding-top:15px;padding-bottom:15px;text-align:center;}.pp-form-container .ppress-form-bottom-links a {line-height:22px;font-size:14px;color:#4d4e4e !important;display:inline-block;text-decoration:none!important;font-weight:400;text-align:center;border-bottom:none!important;}.pp-form-container .ppress-form-bottom-links a:hover {text-decoration:underline!important;} \r\n<\/style><div id=\"pp-registration-6-wrap\" class=\"pp-form-container pp-registration-form-wrapper\">Registrering \u00e4r inaktiverad p\u00e5 denna webbplats.<\/div>\r\n<!-- \/ ProfilePress WordPress plugin. -->\r\n\n<\/div>\n<\/li>\n<li>\n<h3>\u00c5terst\u00e4ll l\u00f6senord<\/h3>\n<div>\n<!-- This form was created and powered by ProfilePress WordPress plugin - https:\/\/profilepress.com -->\r\n<style type=\"text\/css\">\r\n @import url('https:\/\/fonts.googleapis.com\/css?family=Open+Sans:300,400,600,700&display=swap');#pp-password-reset-6-wrap .profilepress-reset-status {border-radius:5px;font-size:16px;line-height:1.471;padding:10px;background-color:#e74c3c;color:#ffffff;font-weight:normal;text-align:center;vertical-align:middle;margin:10px 0;-webkit-box-sizing:border-box;-moz-box-sizing:border-box;box-sizing:border-box;max-width:100%;}#pp-password-reset-6-wrap .profilepress-reset-status.success {background-color:#2ecc71;color:#ffffff;}#pp-password-reset-6-wrap .profilepress-reset-status a {color:#fff;text-decoration:underline;}#pp-password-reset-6-wrap.pp-form-container {max-width:400px !important;width:100%;margin:0 auto;}.pp-form-container #pp-password-reset-6.ppBuildScratch {background:#ffffff;color:#4d4e4e;font-size:14px;}.pp-form-container #pp-password-reset-6.ppBuildScratch .pp-form-field-wrap .pp-form-field-input-textarea-wrap {position:relative;}.pp-form-container #pp-password-reset-6.ppBuildScratch,.pp-form-container #pp-password-reset-6.ppBuildScratch * {font-family:'Open Sans',-apple-system,BlinkMacSystemFont,\"Segoe UI\",Roboto,Oxygen-Sans,Ubuntu,Cantarell,\"Helvetica Neue\",sans-serif;}.pp-form-container #pp-password-reset-6.ppBuildScratch .pp-form-field-wrap input,.pp-form-container #pp-password-reset-6.ppBuildScratch .pp-form-field-wrap select,.pp-form-container #pp-password-reset-6.ppBuildScratch .pp-form-field-wrap textarea {font-size:14px;border-color:#f1f0f0;background:#f1f0f0;color :#4d4e4e; }.pp-form-container #pp-password-reset-6.ppBuildScratch .pp-form-field-wrap .pp-form-material-icons {color:#ffffff;}.pp-form-container #pp-password-reset-6.ppBuildScratch .pp-checkbox-wrap label,.pp-form-container #pp-password-reset-6.ppBuildScratch .pp-radio-wrap label {font-size:14px;color :#4d4e4e;vertical-align:middle;}.pp-form-container #pp-password-reset-6.ppBuildScratch .pp-form-field-wrap input[type=text]:focus,.pp-form-container #pp-password-reset-6.ppBuildScratch .pp-form-field-wrap input[type=password]:focus,.pp-form-container #pp-password-reset-6.ppBuildScratch .pp-form-field-wrap select:focus,.pp-form-container #pp-password-reset-6.ppBuildScratch .pp-form-field-wrap textarea:focus {outline:0;background:#c4c4c4;border-color:#c4c4c4;box-shadow:0 0 0 1px #c4c4c4;}.pp-form-container #pp-password-reset-6.ppBuildScratch .pp-form-field-wrap ::placeholder{color:#4d4e4e;}.pp-form-container #pp-password-reset-6.ppBuildScratch .pp-form-field-wrap ::-webkit-input-placeholder{color:#4d4e4e;}.pp-form-container #pp-password-reset-6.ppBuildScratch .pp-form-field-wrap ::-moz-placeholder{color:#4d4e4e;}.pp-form-container #pp-password-reset-6.ppBuildScratch .pp-form-field-wrap :-moz-placeholder{color:#4d4e4e;}.pp-form-container #pp-password-reset-6.ppBuildScratch .pp-form-field-wrap :-ms-input-placeholder{color:#4d4e4e;}.pp-form-container #pp-password-reset-6.ppBuildScratch .ppbs-headline,.pp-form-container #pp-password-reset-6.ppBuildScratch h1,.pp-form-container #pp-password-reset-6.ppBuildScratch h2,.pp-form-container #pp-password-reset-6.ppBuildScratch h3,.pp-form-container #pp-password-reset-6.ppBuildScratch {color:#4d4e4e;}.pp-form-container #pp-password-reset-6.ppBuildScratch .pp-form-field-wrap .pp-form-label-wrap .pp-form-label {color:#4d4e4e;font-size:14px;font-weight:bold;}.pp-form-container #pp-password-reset-6.ppBuildScratch .pp-form-field-description {color:#4d4e4e;text-align:left;}.pp-form-container #pp-password-reset-6.ppBuildScratch .pp-form-submit-button-wrap input[type=\"submit\"] {font-size:16px;font-weight:normal;background:#62277d;color:#ffffff;top:auto;}.pp-form-container #pp-password-reset-6.ppBuildScratch .pp-form-submit-button-wrap input[type=\"submit\"]:hover,.pp-form-container #pp-password-reset-6.ppBuildScratch .pp-form-submit-button-wrap input[type=\"submit\"]:focus {background:#ffffff;color:#62277d;}.pp-form-container div#pp-password-reset-6.ppBuildScratch a.pp-button-social-login {margin-right:6.387%;}.pp-form-container div#pp-password-reset-6.ppBuildScratch a.pp-button-social-login {display:block;height:3em;line-height:3em;text-decoration:none;margin-bottom:10px;}.pp-form-container div#pp-password-reset-6.ppBuildScratch a.pp-button-social-login .ppsc {width:3em;height:3em;}.pp-form-container div#pp-password-reset-6.ppBuildScratch a.pp-button-social-login span.ppsc-text {margin-left:50px;}.pp-form-container div#pp-registration-12.ppBuildScratch a.pp-button-social-login:last-of-type {margin-bottom:20px;}.pp-form-container .ppress-form-bottom-links {padding-top:15px;padding-bottom:15px;text-align:center;}.pp-form-container .ppress-form-bottom-links a {line-height:22px;font-size:14px;color:#4d4e4e !important;display:inline-block;text-decoration:none!important;font-weight:400;text-align:center;border-bottom:none!important;}.pp-form-container .ppress-form-bottom-links a:hover {text-decoration:underline!important;} \r\n<\/style><div id=\"pp-password-reset-6-wrap\" class=\"pp-form-container pp-password-reset-wrap\"><form data-pp-form-submit=\"passwordreset\" id='pp_password_reset_6' method=\"post\"><div id=\"pp-password-reset-6\" class=\"pp-form-wrapper pp-password-reset pp-password-reset-6 ppBuildScratch ppfl-pill ppsbl-square ppsbw-full-width ppf-remove-frame ppfs-medium ppfia-right\">\n\n\n<div class=\"pp-form-field-wrap user-login fw-full field-has-icon fda-standard fld-above\"><div class=\"pp-form-field-input-textarea-wrap\"><input name=\"user_login\" type='text' title=\"Anv\u00e4ndarnamn eller e-post\" value=\"\" class=\"pp-form-field user-login\" id=\"33nkishmsn4g\" placeholder=\"Anv\u00e4ndarnamn eller e-mail\"  required='required'\/><i class=\"pp-form-material-icons\">face<\/i><i class=\"pp-form-material-icons\">face<\/i><i class=\"pp-form-material-icons\">face<\/i><\/div><\/div>\n<div class=\"pp-form-submit-button-wrap\">\n<input data-pp-submit-label=\"\u00c5terst\u00e4ll l\u00f6senord\" data-pp-processing-label=\"Bearbetning\" type=\"submit\" value=\"\u00c5terst\u00e4ll l\u00f6senord\" name=\"password_reset_submit\" title=\"\" class=\"pp-submit-form ppform-submit-button\"  >\n<\/div>\n<\/div>\n<input type='hidden' name='passwordreset_form_id' value='6'><\/form><\/div>\r\n<!-- \/ ProfilePress WordPress plugin. -->\r\n\n<\/div>\n<\/li>\n<\/ul>\n<p><img decoding=\"async\" src=\"\/wp-content\/uploads\/2022\/09\/Asset-1.png\" alt=\"\"><\/p>\n<ul>\n<li>\n<p>        <img decoding=\"async\" src=\"\/wp-content\/uploads\/2022\/09\/rm_toolkit.svg\" alt=\"\"><\/p>\n<h3>Arbetsgivarens verktygsl\u00e5da<\/h3>\n<p><a href=\"https:\/\/elearning.retain-me.eu\/sv\/courses\/employers-toolkit\/\"><\/a><\/p>\n<\/li>\n<li>\n<p>        <img decoding=\"async\" src=\"\/wp-content\/uploads\/2022\/09\/rm_vtoolkit.svg\" alt=\"\"><\/p>\n<h3>Medarbetarnas verktygsl\u00e5da<\/h3>\n<p><a href=\"https:\/\/elearning.retain-me.eu\/sv\/courses\/employees-toolkit\/\"><\/a><\/p>\n<\/li>\n<li>\n<p>        <img decoding=\"async\" src=\"\/wp-content\/uploads\/2022\/09\/rm_cop.svg\" alt=\"\"><\/p>\n<h3>Gemenskap f\u00f6r praktik<\/h3>\n<p><a href=\"\/category\/community-of-practice\/\"><\/a><\/p>\n<\/li>\n<\/ul>\n<p><!--more--><br \/>\n<!-- {\"type\":\"layout\",\"children\":[{\"type\":\"section\",\"props\":{\"style\":\"default\",\"width\":\"default\",\"vertical_align\":\"middle\",\"title_position\":\"top-left\",\"title_rotation\":\"left\",\"title_breakpoint\":\"xl\",\"image_position\":\"center-center\",\"animation\":\"fade\",\"animation_delay\":\"100\",\"image\":\"\",\"padding_remove_top\":false,\"class\":\"herolol visible_to_logged_out\",\"header_transparent_noplaceholder\":true,\"padding_remove_bottom\":false,\"height\":\"percent\",\"css\":\".el-section {background-color:#94c7d0 !important}\"},\"children\":[{\"type\":\"row\",\"children\":[{\"type\":\"column\",\"props\":{\"position_sticky_breakpoint\":\"m\",\"image_position\":\"center-center\",\"media_overlay_gradient\":\"\"},\"children\":[{\"type\":\"headline\",\"props\":{\"title_element\":\"h1\",\"content\":\"L\\u00f6sningar f\\u00f6r distansarbete f\\u00f6r att st\\u00f6dja kvarh\\u00e5llandet av \\u00e4ldre arbetstagare som \\u00e4r s\\u00e5rbara f\\u00f6r Covid-19. \",\"text_align\":\"center\",\"margin\":\"large\"}}]}]},{\"type\":\"row\",\"props\":{\"layout\":\"1-2,1-2\"},\"children\":[{\"type\":\"column\",\"props\":{\"position_sticky_breakpoint\":\"m\",\"image_position\":\"center-center\",\"media_overlay_gradient\":\"\",\"width_medium\":\"1-2\"},\"children\":[{\"type\":\"switcher\",\"props\":{\"show_title\":false,\"show_meta\":true,\"show_content\":true,\"show_image\":true,\"show_link\":true,\"show_label\":true,\"show_thumbnail\":true,\"switcher_animation\":\"fade\",\"switcher_height\":true,\"nav\":\"tab\",\"nav_position\":\"top\",\"nav_align\":\"left\",\"nav_grid_width\":\"auto\",\"nav_grid_breakpoint\":\"m\",\"thumbnav_svg_color\":\"emphasis\",\"title_element\":\"h3\",\"title_align\":\"top\",\"title_grid_width\":\"1-2\",\"title_grid_breakpoint\":\"m\",\"meta_style\":\"text-meta\",\"meta_align\":\"below-title\",\"meta_element\":\"div\",\"content_column_breakpoint\":\"m\",\"image_svg_color\":\"emphasis\",\"image_align\":\"top\",\"image_grid_width\":\"1-2\",\"image_grid_breakpoint\":\"m\",\"thumbnav_width\":\"100\",\"thumbnav_height\":\"75\",\"link_text\":\"Read more\",\"link_style\":\"default\",\"margin\":\"default\",\"class\":\"switch-login\",\"css\":\".pp-form-field-input-textarea-wrap input {\\n  border-radius: 0px !important;\\n}\"},\"children\":[{\"type\":\"switcher_item\",\"props\":{\"title\":\"Logga in\",\"content\":\"\n\n<p>[profilepress-login id=\\\"6\\\"]<\\\/p>\"}},{\"type\":\"switcher_item\",\"props\":{\"title\":\"Registrera\",\"content\":\"\n\n<p>[profilepress-registration id=\\\"6\\\"]<\\\/p>\"}},{\"type\":\"switcher_item\",\"props\":{\"title\":\"\\u00c5terst\\u00e4ll l\\u00f6senord\",\"meta\":\"\",\"content\":\"\n\n<p>[profilepress-password-reset id=\\\"6\\\"]<\\\/p>\"}}]}]},{\"type\":\"column\",\"props\":{\"position_sticky_breakpoint\":\"m\",\"image_position\":\"center-center\",\"media_overlay_gradient\":\"\",\"width_medium\":\"1-2\"},\"children\":[{\"type\":\"image\",\"props\":{\"margin\":\"default\",\"image_svg_color\":\"emphasis\",\"image\":\"wp-content\\\/uploads\\\/2022\\\/09\\\/Asset-1.png\"}}]}]}],\"name\":\"thisisec\"},{\"type\":\"section\",\"props\":{\"style\":\"default\",\"width\":\"default\",\"vertical_align\":\"middle\",\"title_position\":\"top-left\",\"title_rotation\":\"left\",\"title_breakpoint\":\"xl\",\"image_position\":\"center-center\",\"class\":\"visible_to_logged_in\",\"padding\":\"large\"},\"children\":[{\"type\":\"row\",\"children\":[{\"type\":\"column\",\"props\":{\"position_sticky_breakpoint\":\"m\",\"image_position\":\"center-center\",\"media_overlay_gradient\":\"\"},\"children\":[{\"type\":\"grid\",\"props\":{\"show_title\":true,\"show_meta\":true,\"show_content\":true,\"show_image\":true,\"show_link\":true,\"grid_default\":\"1\",\"grid_medium\":\"3\",\"filter_style\":\"tab\",\"filter_all\":true,\"filter_position\":\"top\",\"filter_align\":\"left\",\"filter_grid_width\":\"auto\",\"filter_grid_breakpoint\":\"m\",\"title_hover_style\":\"reset\",\"title_element\":\"h3\",\"title_align\":\"top\",\"title_grid_width\":\"1-2\",\"title_grid_breakpoint\":\"m\",\"meta_style\":\"text-meta\",\"meta_align\":\"below-title\",\"meta_element\":\"div\",\"content_column_breakpoint\":\"m\",\"icon_width\":80,\"image_align\":\"top\",\"image_grid_width\":\"1-2\",\"image_grid_breakpoint\":\"m\",\"image_svg_color\":\"emphasis\",\"link_text\":\"\",\"link_style\":\"default\",\"margin\":\"default\",\"item_animation\":true,\"class\":\"thisgrid\",\"parallax_easing\":\"1\",\"panel_link\":true},\"children\":[{\"type\":\"grid_item\",\"props\":{\"title\":\"Arbetsgivarens verktygsl\\u00e5da\",\"image\":\"wp-content\\\/uploads\\\/2022\\\/09\\\/rm_toolkit.svg\",\"link\":\"https:\\\/\\\/elearning.retain-me.eu\\\/sv\\\/courses\\\/employers-toolkit\\\/\"}},{\"type\":\"grid_item\",\"props\":{\"title\":\"Medarbetarnas verktygsl\\u00e5da\",\"link\":\"https:\\\/\\\/elearning.retain-me.eu\\\/sv\\\/courses\\\/employees-toolkit\\\/\",\"image\":\"wp-content\\\/uploads\\\/2022\\\/09\\\/rm_vtoolkit.svg\"}},{\"type\":\"grid_item\",\"props\":{\"title\":\"Gemenskap f\\u00f6r praktik\",\"link\":\"category\\\/community-of-practice\\\/\",\"image\":\"wp-content\\\/uploads\\\/2022\\\/09\\\/rm_cop.svg\"}}],\"name\":\"ddadada\"}]}]}]}],\"version\":\"3.0.3\"} --><\/p>\n","protected":false},"excerpt":{"rendered":"<p>L\u00f6sningar f\u00f6r distansarbete f\u00f6r att st\u00f6dja kvarh\u00e5llandet av \u00e4ldre arbetstagare som \u00e4r s\u00e5rbara f\u00f6r Covid-19. Logga in Registrera \u00c5terst\u00e4ll l\u00f6senord Arbetsgivarens verktygsl\u00e5da Medarbetarnas verktygsl\u00e5da Gemenskap..<\/p>\n","protected":false},"author":1,"featured_media":0,"parent":0,"menu_order":0,"comment_status":"closed","ping_status":"closed","template":"","meta":{"_acf_changed":false,"inline_featured_image":false,"footnotes":""},"class_list":["post-4793","page","type-page","status-publish","hentry"],"acf":[],"_links":{"self":[{"href":"https:\/\/elearning.retain-me.eu\/sv\/wp-json\/wp\/v2\/pages\/4793","targetHints":{"allow":["GET"]}}],"collection":[{"href":"https:\/\/elearning.retain-me.eu\/sv\/wp-json\/wp\/v2\/pages"}],"about":[{"href":"https:\/\/elearning.retain-me.eu\/sv\/wp-json\/wp\/v2\/types\/page"}],"author":[{"embeddable":true,"href":"https:\/\/elearning.retain-me.eu\/sv\/wp-json\/wp\/v2\/users\/1"}],"replies":[{"embeddable":true,"href":"https:\/\/elearning.retain-me.eu\/sv\/wp-json\/wp\/v2\/comments?post=4793"}],"version-history":[{"count":8,"href":"https:\/\/elearning.retain-me.eu\/sv\/wp-json\/wp\/v2\/pages\/4793\/revisions"}],"predecessor-version":[{"id":4833,"href":"https:\/\/elearning.retain-me.eu\/sv\/wp-json\/wp\/v2\/pages\/4793\/revisions\/4833"}],"wp:attachment":[{"href":"https:\/\/elearning.retain-me.eu\/sv\/wp-json\/wp\/v2\/media?parent=4793"}],"curies":[{"name":"wp","href":"https:\/\/api.w.org\/{rel}","templated":true}]}}